{"id":809,"date":"2019-11-26T15:20:15","date_gmt":"2019-11-26T18:20:15","guid":{"rendered":"http:\/\/www.promagno.com.br\/?page_id=809"},"modified":"2019-11-27T15:23:34","modified_gmt":"2019-11-27T18:23:34","slug":"sustentabilidade","status":"publish","type":"page","link":"https:\/\/www.promagno.com.br\/es\/infraestrutura\/sustentabilidade\/","title":{"rendered":"Sustentable"},"content":{"rendered":"\r\n<p>Preocupado por el medio ambiente, <strong>PRO MAGNO<\/strong> se construy\u00f3 de manera sostenible, reduciendo el impacto en la naturaleza, minimizando residuos, reutilizando y adem\u00e1s generando ahorros para quienes realizan sus eventos.<\/p>\r\n<ul>\r\n<li>Construido con la fabricaci\u00f3n in loco de losas y vigas, reduciendo significativamente las emisiones de CO2;<\/li>\r\n<li>Reciclaje de todo el material generado en la demolici\u00f3n y utilizado en la sub-base de la obra;<\/li>\r\n<li>Aire acondicionado con la utilizaci\u00f3n del gas refrigerante HFC 134 A;<\/li>\r\n<li>Iluminaci\u00f3n con uso de LEDS y fluorescente de T5;<\/li>\r\n<li>Sistemas hidr\u00e1ulicos con sensores de proximidad en toilettes y grifos;<\/li>\r\n<li>Captaci\u00f3n de aguas pluviales &#8211; 650,000 litros;<\/li>\r\n<li>Uso de vidrio low-e en la fachada, reduciendo la sensaci\u00f3n t\u00e9rmica.<\/li>\r\n<\/ul>\r\n","protected":false},"excerpt":{"rendered":"<p>Preocupado por el medio ambiente, PRO MAGNO se construy\u00f3 de manera sostenible, reduciendo el impacto en la naturaleza, minimizando residuos, reutilizando y adem\u00e1s generando ahorros para quienes realizan sus eventos. Construido con la fabricaci\u00f3n in loco de losas y vigas, reduciendo significativamente las emisiones de CO2; Reciclaje de todo el material generado en la demolici\u00f3n [&hellip;]<\/p>\n","protected":false},"author":1,"featured_media":0,"parent":801,"menu_order":43,"comment_status":"closed","ping_status":"closed","template":"","meta":{"_locale":"es_ES","_original_post":"39","_joinchat":[],"footnotes":""},"acf":[],"_links":{"self":[{"href":"https:\/\/www.promagno.com.br\/wp-json\/wp\/v2\/pages\/809"}],"collection":[{"href":"https:\/\/www.promagno.com.br\/wp-json\/wp\/v2\/pages"}],"about":[{"href":"https:\/\/www.promagno.com.br\/wp-json\/wp\/v2\/types\/page"}],"author":[{"embeddable":true,"href":"https:\/\/www.promagno.com.br\/wp-json\/wp\/v2\/users\/1"}],"replies":[{"embeddable":true,"href":"https:\/\/www.promagno.com.br\/wp-json\/wp\/v2\/comments?post=809"}],"version-history":[{"count":2,"href":"https:\/\/www.promagno.com.br\/wp-json\/wp\/v2\/pages\/809\/revisions"}],"predecessor-version":[{"id":867,"href":"https:\/\/www.promagno.com.br\/wp-json\/wp\/v2\/pages\/809\/revisions\/867"}],"up":[{"embeddable":true,"href":"https:\/\/www.promagno.com.br\/wp-json\/wp\/v2\/pages\/801"}],"wp:attachment":[{"href":"https:\/\/www.promagno.com.br\/wp-json\/wp\/v2\/media?parent=809"}],"curies":[{"name":"wp","href":"https:\/\/api.w.org\/{rel}","templated":true}]}}